{"id":8583,"date":"2024-08-16T07:01:33","date_gmt":"2024-08-16T11:01:33","guid":{"rendered":"https:\/\/gingembre-et-wasabi.gingembreetwasabi.com\/?page_id=7047"},"modified":"2025-04-29T12:56:11","modified_gmt":"2025-04-29T16:56:11","slug":"futomaki","status":"publish","type":"page","link":"https:\/\/gingembreetwasabi.com\/en\/menu-2\/futomaki\/","title":{"rendered":"Futomaki"},"content":{"rendered":"<p>[vc_row full_width=&#8221;stretch_row&#8221; css=&#8221;.vc_custom_1658766398178{background-image: url(http:\/\/gingembreetwasabi.com\/wp-content\/uploads\/2022\/07\/header-menu.png?id=2897) !important;background-position: center !important;background-repeat: no-repeat !important;background-size: cover !important;}&#8221;][vc_column]<div style=\"background-color:;height: 200px\" class=\"nicdark_section  \"><\/div>[vc_custom_heading text=&#8221;Futomaki&#8221; font_container=&#8221;tag:h1|font_size:45|text_align:left|color:%2375c489&#8243; google_fonts=&#8221;font_family:Poiret%20One%3Aregular|font_style:400%20regular%3A400%3Anormal&#8221;]<div style=\"background-color:;height: 120px\" class=\"nicdark_section  \"><\/div>[\/vc_column][\/vc_row][vc_row full_width=&#8221;stretch_row_content&#8221; content_placement=&#8221;middle&#8221; css=&#8221;.vc_custom_1723975950987{padding-top: 5% !important;padding-bottom: 7% !important;background-image: url(http:\/\/gingembreetwasabi.com\/wp-content\/uploads\/2022\/07\/AdobeStock_198039273-1-scaled.jpeg?id=2705) !important;}&#8221; el_id=&#8221;ajaxieu&#8221;][vc_column width=&#8221;1\/6&#8243;][\/vc_column][vc_column width=&#8221;2\/3&#8243;][vc_raw_html]JTVCY3VzdG9tX2JyZWFkY3J1bWJzJTVE[\/vc_raw_html]<div style=\"background-color:;height: 30px\" class=\"nicdark_section  \"><\/div>[vc_row_inner gap=&#8221;10&#8243; css=&#8221;.vc_custom_1723975409644{margin-top: 4% !important;padding-right: 4% !important;padding-left: 4% !important;}&#8221; el_class=&#8221;menu-term-or&#8221;][vc_column_inner el_class=&#8221;menu-items-count&#8221; width=&#8221;1\/4&#8243;][vc_single_image image=&#8221;2831&#8243; img_size=&#8221;Full&#8221; onclick=&#8221;custom_link&#8221; link=&#8221;\/menu-2\/futomaki\/anguille\/&#8221;][vc_custom_heading text=&#8221;ANGUILLE&#8221; font_container=&#8221;tag:h3|text_align:center|color:%23000000&#8243; google_fonts=&#8221;font_family:Quicksand%3A300%2Cregular%2C700|font_style:700%20bold%20regular%3A700%3Anormal&#8221; link=&#8221;url:%2Fmenu-2%2Ffutomaki%2Fanguille%2F&#8221;][\/vc_column_inner][vc_column_inner el_class=&#8221;menu-items-count&#8221; width=&#8221;1\/4&#8243;][vc_single_image image=&#8221;2831&#8243; img_size=&#8221;Full&#8221; onclick=&#8221;custom_link&#8221; link=&#8221;\/menu-2\/futomaki\/crabe-et-homard\/&#8221;][vc_custom_heading text=&#8221;CRABE ET HOMARD&#8221; font_container=&#8221;tag:h3|text_align:center|color:%23000000&#8243; google_fonts=&#8221;font_family:Quicksand%3A300%2Cregular%2C700|font_style:700%20bold%20regular%3A700%3Anormal&#8221; link=&#8221;url:%2Fmenu-2%2Ffutomaki%2Fcrabe-et-homard%2F&#8221;][\/vc_column_inner][vc_column_inner el_class=&#8221;menu-items-count&#8221; width=&#8221;1\/4&#8243;][vc_single_image image=&#8221;2831&#8243; img_size=&#8221;Full&#8221; onclick=&#8221;custom_link&#8221; link=&#8221;\/menu-2\/futomaki\/crevette\/&#8221;][vc_custom_heading text=&#8221;CREVETTE&#8221; font_container=&#8221;tag:h3|text_align:center|color:%23000000&#8243; google_fonts=&#8221;font_family:Quicksand%3A300%2Cregular%2C700|font_style:700%20bold%20regular%3A700%3Anormal&#8221; link=&#8221;url:%2Fmenu-2%2Ffutomaki%2Fcrevette%2F&#8221;][\/vc_column_inner][vc_column_inner el_class=&#8221;menu-items-count&#8221; width=&#8221;1\/4&#8243;][vc_single_image image=&#8221;2831&#8243; img_size=&#8221;Full&#8221; onclick=&#8221;custom_link&#8221; link=&#8221;\/menu-2\/futomaki\/goberge\/&#8221;][vc_custom_heading text=&#8221;GOBERGE&#8221; font_container=&#8221;tag:h3|text_align:center|color:%23000000&#8243; google_fonts=&#8221;font_family:Quicksand%3A300%2Cregular%2C700|font_style:700%20bold%20regular%3A700%3Anormal&#8221; link=&#8221;url:%2Fmenu-2%2Ffutomaki%2Fgoberge%2F&#8221;][\/vc_column_inner][\/vc_row_inner][vc_row_inner gap=&#8221;10&#8243; css=&#8221;.vc_custom_1723974896840{padding-right: 4% !important;padding-left: 4% !important;}&#8221; el_class=&#8221;menu-term-or&#8221;][vc_column_inner el_class=&#8221;menu-items-count&#8221; width=&#8221;1\/4&#8243;][vc_single_image image=&#8221;2831&#8243; img_size=&#8221;Full&#8221; onclick=&#8221;custom_link&#8221; link=&#8221;\/menu-2\/futomaki\/petoncle\/&#8221;][vc_custom_heading text=&#8221;P\u00c9TONCLE&#8221; font_container=&#8221;tag:h3|text_align:center|color:%23000000&#8243; google_fonts=&#8221;font_family:Quicksand%3A300%2Cregular%2C700|font_style:700%20bold%20regular%3A700%3Anormal&#8221; link=&#8221;url:%2Fmenu-2%2Ffutomaki%2Fpetoncle%2F&#8221;][\/vc_column_inner][vc_column_inner el_class=&#8221;menu-items-count&#8221; width=&#8221;1\/4&#8243;][vc_single_image image=&#8221;2831&#8243; img_size=&#8221;Full&#8221; onclick=&#8221;custom_link&#8221; link=&#8221;\/menu-2\/futomaki\/poulet\/&#8221;][vc_custom_heading text=&#8221;POULET&#8221; font_container=&#8221;tag:h3|text_align:center|color:%23000000&#8243; google_fonts=&#8221;font_family:Quicksand%3A300%2Cregular%2C700|font_style:700%20bold%20regular%3A700%3Anormal&#8221; link=&#8221;url:%2Fmenu-2%2Ffutomaki%2Fpoulet%2F&#8221;][\/vc_column_inner][vc_column_inner el_class=&#8221;menu-items-count&#8221; width=&#8221;1\/4&#8243;][vc_single_image image=&#8221;2831&#8243; img_size=&#8221;Full&#8221; onclick=&#8221;custom_link&#8221; link=&#8221;\/menu-2\/futomaki\/saumon\/&#8221;][vc_custom_heading text=&#8221;SAUMON&#8221; font_container=&#8221;tag:h3|text_align:center|color:%23000000&#8243; google_fonts=&#8221;font_family:Quicksand%3A300%2Cregular%2C700|font_style:700%20bold%20regular%3A700%3Anormal&#8221; link=&#8221;url:%2Fmenu-2%2Ffutomaki%2Fsaumon%2F&#8221;][\/vc_column_inner][vc_column_inner el_class=&#8221;menu-items-count&#8221; width=&#8221;1\/4&#8243;][vc_single_image image=&#8221;2831&#8243; img_size=&#8221;Full&#8221; onclick=&#8221;custom_link&#8221; link=&#8221;\/menu-2\/futomaki\/thon\/&#8221;][vc_custom_heading text=&#8221;THON&#8221; font_container=&#8221;tag:h3|text_align:center|color:%23000000&#8243; google_fonts=&#8221;font_family:Quicksand%3A300%2Cregular%2C700|font_style:700%20bold%20regular%3A700%3Anormal&#8221; link=&#8221;url:%2Fmenu-2%2Ffutomaki%2Fthon%2F&#8221;][\/vc_column_inner][\/vc_row_inner][vc_row_inner gap=&#8221;10&#8243; css=&#8221;.vc_custom_1723974896840{padding-right: 4% !important;padding-left: 4% !important;}&#8221; el_class=&#8221;menu-term-or&#8221;][vc_column_inner el_class=&#8221;menu-items-count&#8221; width=&#8221;1\/4&#8243;][vc_single_image image=&#8221;2831&#8243; img_size=&#8221;Full&#8221; onclick=&#8221;custom_link&#8221; link=&#8221;\/menu-2\/futomaki\/vegetarien\/&#8221;][vc_custom_heading text=&#8221;V\u00e9g\u00e9tarien&#8221; font_container=&#8221;tag:h3|text_align:center|color:%23000000&#8243; google_fonts=&#8221;font_family:Quicksand%3A300%2Cregular%2C700|font_style:700%20bold%20regular%3A700%3Anormal&#8221; link=&#8221;url:%2Fmenu-2%2Ffutomaki%2Fvegetarien%2F&#8221;][\/vc_column_inner][\/vc_row_inner][vc_row_inner gap=&#8221;10&#8243; disable_element=&#8221;yes&#8221; css=&#8221;.vc_custom_1723976266357{padding-right: 4% !important;padding-left: 4% !important;}&#8221; el_class=&#8221;menu-term-or&#8221;][vc_column_inner el_class=&#8221;menu-items-count&#8221; width=&#8221;1\/4&#8243;][\/vc_column_inner][vc_column_inner el_class=&#8221;menu-items-count&#8221; width=&#8221;1\/4&#8243;][\/vc_column_inner][vc_column_inner el_class=&#8221;menu-items-count&#8221; width=&#8221;1\/4&#8243;][\/vc_column_inner][vc_column_inner el_class=&#8221;menu-items-count&#8221; width=&#8221;1\/4&#8243;][\/vc_column_inner][\/vc_row_inner][\/vc_column][vc_column width=&#8221;1\/6&#8243;][\/vc_column][\/vc_row][vc_row full_width=&#8221;stretch_row_content&#8221; content_placement=&#8221;middle&#8221; css=&#8221;.vc_custom_1665621409680{background-color: #000000 !important;}&#8221;][vc_column width=&#8221;1\/3&#8243;][vc_single_image image=&#8221;3532&#8243; img_size=&#8221;full&#8221;][\/vc_column][vc_column width=&#8221;2\/3&#8243;][vc_empty_space][vc_custom_heading text=&#8221;Vous avez un \u00e9v\u00e9nement ?!?&#8221; font_container=&#8221;tag:h1|font_size:38|text_align:left|color:%2375c489|line_height:1&#8243; google_fonts=&#8221;font_family:Poiret%20One%3Aregular|font_style:400%20regular%3A400%3Anormal&#8221; css=&#8221;.vc_custom_1665621314895{padding-bottom: 15px !important;}&#8221;][vc_custom_heading text=&#8221;Optez pour nos plateaux traiteurs ou contactez notre \u00e9quipe pour r\u00e9server une commande plateau personnalis\u00e9!&#8221; font_container=&#8221;tag:h1|font_size:38|text_align:left|color:%23f99c2b|line_height:1&#8243; google_fonts=&#8221;font_family:Poiret%20One%3Aregular|font_style:400%20regular%3A400%3Anormal&#8221; css=&#8221;.vc_custom_1665621375294{padding-bottom: 15px !important;}&#8221;][vc_empty_space height=&#8221;22px&#8221;]\n\t\n\t<a style=\"border: px solid;border-radius:3px;letter-spacing:2px;line-height:16px;font-size:16px;background-color:#75c489;padding:15px 35px;margin:;color:#ffffff\" rel=\"\" href=\"http:\/\/gingembreetwasabi.com\/nous-joindre\/\" class=\"nicdark_display_inline_block nd_options_float_left nd_options_font_weight_normal nd_options_first_font  \">Nous joindre<\/a>\n\t\n[vc_empty_space][\/vc_column][\/vc_row][vc_row][vc_column][vc_raw_html css=&#8221;.vc_custom_1658771715741{padding-top: 20px !important;padding-bottom: 20px !important;}&#8221;]JTVCdHJ1c3RpbmRleCUyMG5vLXJlZ2lzdHJhdGlvbiUzRGdvb2dsZSU1RA==[\/vc_raw_html][\/vc_column][\/vc_row]<\/p>\n","protected":false},"excerpt":{"rendered":"<p>[vc_row full_width=&#8221;stretch_row&#8221; css=&#8221;.vc_custom_1658766398178{background-image: url(http:\/\/gingembreetwasabi.com\/wp-content\/uploads\/2022\/07\/header-menu.png?id=2897) !important;background-position: center !important;background-repeat: no-repeat !important;background-size: cover !important;}&#8221;][vc_column][vc_custom_heading text=&#8221;Futomaki&#8221; font_container=&#8221;tag:h1|font_size:45|text_align:left|color:%2375c489&#8243; google_fonts=&#8221;font_family:Poiret%20One%3Aregular|font_style:400%20regular%3A400%3Anormal&#8221;][\/vc_column][\/vc_row][vc_row full_width=&#8221;stretch_row_content&#8221; content_placement=&#8221;middle&#8221; css=&#8221;.vc_custom_1723975950987{padding-top: 5% !important;padding-bottom: 7% !important;background-image: url(http:\/\/gingembreetwasabi.com\/wp-content\/uploads\/2022\/07\/AdobeStock_198039273-1-scaled.jpeg?id=2705) !important;}&#8221; el_id=&#8221;ajaxieu&#8221;][vc_column width=&#8221;1\/6&#8243;][\/vc_column][vc_column width=&#8221;2\/3&#8243;][vc_raw_html]JTVCY3VzdG9tX2JyZWFkY3J1bWJzJTVE[\/vc_raw_html][vc_row_inner gap=&#8221;10&#8243; css=&#8221;.vc_custom_1723975409644{margin-top: 4% !important;padding-right: 4% !important;padding-left: 4% !important;}&#8221; el_class=&#8221;menu-term-or&#8221;][vc_column_inner el_class=&#8221;menu-items-count&#8221; width=&#8221;1\/4&#8243;][vc_single_image image=&#8221;2831&#8243; img_size=&#8221;Full&#8221; onclick=&#8221;custom_link&#8221; link=&#8221;\/menu-2\/futomaki\/anguille\/&#8221;][vc_custom_heading text=&#8221;ANGUILLE&#8221; font_container=&#8221;tag:h3|text_align:center|color:%23000000&#8243; google_fonts=&#8221;font_family:Quicksand%3A300%2Cregular%2C700|font_style:700%20bold%20regular%3A700%3Anormal&#8221; link=&#8221;url:%2Fmenu-2%2Ffutomaki%2Fanguille%2F&#8221;][\/vc_column_inner][vc_column_inner el_class=&#8221;menu-items-count&#8221; width=&#8221;1\/4&#8243;][vc_single_image image=&#8221;2831&#8243; img_size=&#8221;Full&#8221; onclick=&#8221;custom_link&#8221; link=&#8221;\/menu-2\/futomaki\/crabe-et-homard\/&#8221;][vc_custom_heading text=&#8221;CRABE ET HOMARD&#8221; font_container=&#8221;tag:h3|text_align:center|color:%23000000&#8243; [&hellip;]<\/p>\n","protected":false},"author":6,"featured_media":0,"parent":2801,"menu_order":0,"comment_status":"closed","ping_status":"closed","template":"","meta":{"footnotes":""},"class_list":["post-8583","page","type-page","status-publish","hentry"],"_links":{"self":[{"href":"https:\/\/gingembreetwasabi.com\/en\/wp-json\/wp\/v2\/pages\/8583","targetHints":{"allow":["GET"]}}],"collection":[{"href":"https:\/\/gingembreetwasabi.com\/en\/wp-json\/wp\/v2\/pages"}],"about":[{"href":"https:\/\/gingembreetwasabi.com\/en\/wp-json\/wp\/v2\/types\/page"}],"author":[{"embeddable":true,"href":"https:\/\/gingembreetwasabi.com\/en\/wp-json\/wp\/v2\/users\/6"}],"replies":[{"embeddable":true,"href":"https:\/\/gingembreetwasabi.com\/en\/wp-json\/wp\/v2\/comments?post=8583"}],"version-history":[{"count":1,"href":"https:\/\/gingembreetwasabi.com\/en\/wp-json\/wp\/v2\/pages\/8583\/revisions"}],"predecessor-version":[{"id":8617,"href":"https:\/\/gingembreetwasabi.com\/en\/wp-json\/wp\/v2\/pages\/8583\/revisions\/8617"}],"up":[{"embeddable":true,"href":"https:\/\/gingembreetwasabi.com\/en\/wp-json\/wp\/v2\/pages\/2801"}],"wp:attachment":[{"href":"https:\/\/gingembreetwasabi.com\/en\/wp-json\/wp\/v2\/media?parent=8583"}],"curies":[{"name":"wp","href":"https:\/\/api.w.org\/{rel}","templated":true}]}}