{"id":8600,"date":"2024-08-18T07:40:01","date_gmt":"2024-08-18T11:40:01","guid":{"rendered":"https:\/\/gingembre-et-wasabi.gingembreetwasabi.com\/?page_id=7209"},"modified":"2025-04-29T13:03:06","modified_gmt":"2025-04-29T17:03:06","slug":"thon","status":"publish","type":"page","link":"https:\/\/gingembreetwasabi.com\/en\/menu-2\/futomaki\/thon\/","title":{"rendered":"THON"},"content":{"rendered":"<p>[vc_row full_width=&#8221;stretch_row_content&#8221; content_placement=&#8221;middle&#8221; css=&#8221;.vc_custom_1723977161250{padding-top: 7% !important;background-image: url(http:\/\/gingembreetwasabi.com\/wp-content\/uploads\/2022\/07\/AdobeStock_198039273-1-scaled.jpeg?id=2705) !important;}&#8221;][vc_column width=&#8221;1\/6&#8243;][\/vc_column][vc_column width=&#8221;2\/3&#8243;]<div style=\"background-color:;height: 30px\" class=\"nicdark_section  \"><\/div>[vc_raw_html]JTVCY3VzdG9tX2JyZWFkY3J1bWJzJTVE[\/vc_raw_html]<div style=\"background-color:;height: 30px\" class=\"nicdark_section  \"><\/div>[\/vc_column][vc_column width=&#8221;1\/6&#8243;][\/vc_column][\/vc_row][vc_row full_width=&#8221;stretch_row_content&#8221; content_placement=&#8221;middle&#8221; css=&#8221;.vc_custom_1665621409680{background-color: #000000 !important;}&#8221;][vc_column width=&#8221;1\/3&#8243;][vc_single_image image=&#8221;3532&#8243; img_size=&#8221;full&#8221;][\/vc_column][vc_column width=&#8221;2\/3&#8243;][vc_empty_space][vc_custom_heading text=&#8221;Vous avez un \u00e9v\u00e9nement ?!?&#8221; font_container=&#8221;tag:h1|font_size:38|text_align:left|color:%2375c489|line_height:1&#8243; google_fonts=&#8221;font_family:Poiret%20One%3Aregular|font_style:400%20regular%3A400%3Anormal&#8221; css=&#8221;.vc_custom_1665621314895{padding-bottom: 15px !important;}&#8221;][vc_custom_heading text=&#8221;Optez pour nos plateaux traiteurs ou contactez notre \u00e9quipe pour r\u00e9server une commande plateau personnalis\u00e9!&#8221; font_container=&#8221;tag:h1|font_size:38|text_align:left|color:%23f99c2b|line_height:1&#8243; google_fonts=&#8221;font_family:Poiret%20One%3Aregular|font_style:400%20regular%3A400%3Anormal&#8221; css=&#8221;.vc_custom_1665621375294{padding-bottom: 15px !important;}&#8221;][vc_empty_space height=&#8221;22px&#8221;]\n\t\n\t<a style=\"border: px solid;border-radius:3px;letter-spacing:2px;line-height:16px;font-size:16px;background-color:#75c489;padding:15px 35px;margin:;color:#ffffff\" rel=\"\" href=\"http:\/\/gingembreetwasabi.com\/nous-joindre\/\" class=\"nicdark_display_inline_block nd_options_float_left nd_options_font_weight_normal nd_options_first_font  \">Nous joindre<\/a>\n\t\n[vc_empty_space][\/vc_column][\/vc_row][vc_row][vc_column][vc_raw_html css=&#8221;.vc_custom_1658771715741{padding-top: 20px !important;padding-bottom: 20px !important;}&#8221;]JTVCdHJ1c3RpbmRleCUyMG5vLXJlZ2lzdHJhdGlvbiUzRGdvb2dsZSU1RA==[\/vc_raw_html][\/vc_column][\/vc_row]<\/p>\n","protected":false},"excerpt":{"rendered":"<p>[vc_row full_width=&#8221;stretch_row_content&#8221; content_placement=&#8221;middle&#8221; css=&#8221;.vc_custom_1723977161250{padding-top: 7% !important;background-image: url(http:\/\/gingembreetwasabi.com\/wp-content\/uploads\/2022\/07\/AdobeStock_198039273-1-scaled.jpeg?id=2705) !important;}&#8221;][vc_column width=&#8221;1\/6&#8243;][\/vc_column][vc_column width=&#8221;2\/3&#8243;][vc_raw_html]JTVCY3VzdG9tX2JyZWFkY3J1bWJzJTVE[\/vc_raw_html][\/vc_column][vc_column width=&#8221;1\/6&#8243;][\/vc_column][\/vc_row][vc_row full_width=&#8221;stretch_row_content&#8221; content_placement=&#8221;middle&#8221; css=&#8221;.vc_custom_1665621409680{background-color: #000000 !important;}&#8221;][vc_column width=&#8221;1\/3&#8243;][vc_single_image image=&#8221;3532&#8243; img_size=&#8221;full&#8221;][\/vc_column][vc_column width=&#8221;2\/3&#8243;][vc_empty_space][vc_custom_heading text=&#8221;Vous avez un \u00e9v\u00e9nement ?!?&#8221; font_container=&#8221;tag:h1|font_size:38|text_align:left|color:%2375c489|line_height:1&#8243; google_fonts=&#8221;font_family:Poiret%20One%3Aregular|font_style:400%20regular%3A400%3Anormal&#8221; css=&#8221;.vc_custom_1665621314895{padding-bottom: 15px !important;}&#8221;][vc_custom_heading text=&#8221;Optez pour nos plateaux traiteurs ou contactez notre \u00e9quipe pour r\u00e9server une commande plateau personnalis\u00e9!&#8221; font_container=&#8221;tag:h1|font_size:38|text_align:left|color:%23f99c2b|line_height:1&#8243; google_fonts=&#8221;font_family:Poiret%20One%3Aregular|font_style:400%20regular%3A400%3Anormal&#8221; css=&#8221;.vc_custom_1665621375294{padding-bottom: 15px !important;}&#8221;][vc_empty_space height=&#8221;22px&#8221;][vc_empty_space][\/vc_column][\/vc_row][vc_row][vc_column][vc_raw_html css=&#8221;.vc_custom_1658771715741{padding-top: 20px !important;padding-bottom: 20px [&hellip;]<\/p>\n","protected":false},"author":6,"featured_media":0,"parent":8583,"menu_order":0,"comment_status":"closed","ping_status":"closed","template":"","meta":{"footnotes":""},"class_list":["post-8600","page","type-page","status-publish","hentry"],"_links":{"self":[{"href":"https:\/\/gingembreetwasabi.com\/en\/wp-json\/wp\/v2\/pages\/8600","targetHints":{"allow":["GET"]}}],"collection":[{"href":"https:\/\/gingembreetwasabi.com\/en\/wp-json\/wp\/v2\/pages"}],"about":[{"href":"https:\/\/gingembreetwasabi.com\/en\/wp-json\/wp\/v2\/types\/page"}],"author":[{"embeddable":true,"href":"https:\/\/gingembreetwasabi.com\/en\/wp-json\/wp\/v2\/users\/6"}],"replies":[{"embeddable":true,"href":"https:\/\/gingembreetwasabi.com\/en\/wp-json\/wp\/v2\/comments?post=8600"}],"version-history":[{"count":1,"href":"https:\/\/gingembreetwasabi.com\/en\/wp-json\/wp\/v2\/pages\/8600\/revisions"}],"predecessor-version":[{"id":8603,"href":"https:\/\/gingembreetwasabi.com\/en\/wp-json\/wp\/v2\/pages\/8600\/revisions\/8603"}],"up":[{"embeddable":true,"href":"https:\/\/gingembreetwasabi.com\/en\/wp-json\/wp\/v2\/pages\/8583"}],"wp:attachment":[{"href":"https:\/\/gingembreetwasabi.com\/en\/wp-json\/wp\/v2\/media?parent=8600"}],"curies":[{"name":"wp","href":"https:\/\/api.w.org\/{rel}","templated":true}]}}