{"id":2566,"date":"2022-07-22T09:38:25","date_gmt":"2022-07-22T13:38:25","guid":{"rendered":"https:\/\/gingembreetwasabi.com\/produit\/n2-scalop\/"},"modified":"2025-10-30T08:35:36","modified_gmt":"2025-10-30T12:35:36","slug":"n-2-petoncle-epice","status":"publish","type":"product","link":"https:\/\/gingembreetwasabi.com\/en\/produit\/n-2-petoncle-epice\/","title":{"rendered":"N2 P\u00e9toncle \u00e9pic\u00e9"},"content":{"rendered":"<p><span data-sheets-value=\"{&quot;1&quot;:2,&quot;2&quot;:&quot;rice, spicy sauce, scalop&quot;}\">rice, spicy sauce, scalop<\/span><\/p>\n","protected":false},"excerpt":{"rendered":"<p><span data-sheets-value=\"{&quot;1&quot;:2,&quot;2&quot;:&quot;rice, spicy sauce, scalop&quot;}\">rice, spicy sauce, scalop<\/span><\/p>\n","protected":false},"featured_media":2013,"comment_status":"open","ping_status":"closed","template":"","meta":[],"product_brand":[],"product_cat":[81],"product_tag":[],"class_list":{"0":"post-2566","1":"product","2":"type-product","3":"status-publish","4":"has-post-thumbnail","6":"product_cat-nigiris-en","8":"first","9":"instock","10":"taxable","11":"shipping-taxable","12":"purchasable","13":"product-type-simple"},"_links":{"self":[{"href":"https:\/\/gingembreetwasabi.com\/en\/wp-json\/wp\/v2\/product\/2566","targetHints":{"allow":["GET"]}}],"collection":[{"href":"https:\/\/gingembreetwasabi.com\/en\/wp-json\/wp\/v2\/product"}],"about":[{"href":"https:\/\/gingembreetwasabi.com\/en\/wp-json\/wp\/v2\/types\/product"}],"replies":[{"embeddable":true,"href":"https:\/\/gingembreetwasabi.com\/en\/wp-json\/wp\/v2\/comments?post=2566"}],"wp:featuredmedia":[{"embeddable":true,"href":"https:\/\/gingembreetwasabi.com\/en\/wp-json\/wp\/v2\/media\/2013"}],"wp:attachment":[{"href":"https:\/\/gingembreetwasabi.com\/en\/wp-json\/wp\/v2\/media?parent=2566"}],"wp:term":[{"taxonomy":"product_brand","embeddable":true,"href":"https:\/\/gingembreetwasabi.com\/en\/wp-json\/wp\/v2\/product_brand?post=2566"},{"taxonomy":"product_cat","embeddable":true,"href":"https:\/\/gingembreetwasabi.com\/en\/wp-json\/wp\/v2\/product_cat?post=2566"},{"taxonomy":"product_tag","embeddable":true,"href":"https:\/\/gingembreetwasabi.com\/en\/wp-json\/wp\/v2\/product_tag?post=2566"}],"curies":[{"name":"wp","href":"https:\/\/api.w.org\/{rel}","templated":true}]}}